{"id":2528,"date":"2021-03-04T22:12:00","date_gmt":"2021-03-04T21:12:00","guid":{"rendered":"https:\/\/idf-en.de\/actualite\/"},"modified":"2021-03-08T17:03:44","modified_gmt":"2021-03-08T16:03:44","slug":"actualite","status":"publish","type":"page","link":"https:\/\/idf-en.de\/fr\/about-idf\/actualite\/","title":{"rendered":"Actualit\u00e9"},"content":{"rendered":"\t\t<div data-elementor-type=\"wp-page\" data-elementor-id=\"2528\" class=\"elementor elementor-2528 elementor-43\" data-elementor-post-type=\"page\">\n\t\t\t\t\t\t<section class=\"elementor-section elementor-top-section elementor-element elementor-element-2c15e6a0 elementor-section-boxed elementor-section-height-default elementor-section-height-default\" data-id=\"2c15e6a0\" data-element_type=\"section\">\n\t\t\t\t\t\t<div class=\"elementor-container elementor-column-gap-default\">\n\t\t\t\t\t<div class=\"elementor-column elementor-col-100 elementor-top-column elementor-element elementor-element-fb9cff7\" data-id=\"fb9cff7\" data-element_type=\"column\">\n\t\t\t<div class=\"elementor-widget-wrap elementor-element-populated\">\n\t\t\t\t\t\t<div class=\"elementor-element elementor-element-2213d50f elementor-widget elementor-widget-spacer\" data-id=\"2213d50f\" data-element_type=\"widget\" data-widget_type=\"spacer.default\">\n\t\t\t\t<div class=\"elementor-widget-container\">\n\t\t\t\t\t\t\t<div class=\"elementor-spacer\">\n\t\t\t<div class=\"elementor-spacer-inner\"><\/div>\n\t\t<\/div>\n\t\t\t\t\t\t<\/div>\n\t\t\t\t<\/div>\n\t\t\t\t<div class=\"elementor-element elementor-element-6f9d5a37 elementor-widget elementor-widget-heading\" data-id=\"6f9d5a37\" data-element_type=\"widget\" data-widget_type=\"heading.default\">\n\t\t\t\t<div class=\"elementor-widget-container\">\n\t\t\t\t\t<h1 class=\"elementor-heading-title elementor-size-default\">Actualit\u00e9.<\/h1>\t\t\t\t<\/div>\n\t\t\t\t<\/div>\n\t\t\t\t<div class=\"elementor-element elementor-element-24e064b6 elementor-widget elementor-widget-heading\" data-id=\"24e064b6\" data-element_type=\"widget\" data-widget_type=\"heading.default\">\n\t\t\t\t<div class=\"elementor-widget-container\">\n\t\t\t\t\t<h2 class=\"elementor-heading-title elementor-size-default\">Actif en permanence pour vous.<\/h2>\t\t\t\t<\/div>\n\t\t\t\t<\/div>\n\t\t\t\t<div class=\"elementor-element elementor-element-2d884866 elementor-widget elementor-widget-text-editor\" data-id=\"2d884866\" data-element_type=\"widget\" data-widget_type=\"text-editor.default\">\n\t\t\t\t<div class=\"elementor-widget-container\">\n\t\t\t\t\t\t\t\t\t<p>Rester toujours \u00e0 la page ! Avec nos entr\u00e9es de blog, nous vous fournissons toujours les derni\u00e8res informations sur la IDF, le conditionnement et des sujets int\u00e9ressants sur les proc\u00e9d\u00e9s et les \u00e9quipements de remplissage. Restez toujours \u00e0 la page.<\/p>\n\t\t\t\t\t\t\t\t<\/div>\n\t\t\t\t<\/div>\n\t\t\t\t<div class=\"elementor-element elementor-element-ada6bb5 elementor-widget elementor-widget-spacer\" data-id=\"ada6bb5\" data-element_type=\"widget\" data-widget_type=\"spacer.default\">\n\t\t\t\t<div class=\"elementor-widget-container\">\n\t\t\t\t\t\t\t<div class=\"elementor-spacer\">\n\t\t\t<div class=\"elementor-spacer-inner\"><\/div>\n\t\t<\/div>\n\t\t\t\t\t\t<\/div>\n\t\t\t\t<\/div>\n\t\t\t\t\t<\/div>\n\t\t<\/div>\n\t\t\t\t\t<\/div>\n\t\t<\/section>\n\t\t\t\t<section class=\"elementor-section elementor-top-section elementor-element elementor-element-f8f3edc elementor-section-boxed elementor-section-height-default elementor-section-height-default elementor-invisible\" data-id=\"f8f3edc\" data-element_type=\"section\" data-settings=\"{&quot;animation&quot;:&quot;fadeInUp&quot;,&quot;background_background&quot;:&quot;classic&quot;}\">\n\t\t\t\t\t\t<div class=\"elementor-container elementor-column-gap-default\">\n\t\t\t\t\t<div class=\"elementor-column elementor-col-100 elementor-top-column elementor-element elementor-element-bfef049\" data-id=\"bfef049\" data-element_type=\"column\">\n\t\t\t<div class=\"elementor-widget-wrap elementor-element-populated\">\n\t\t\t\t\t\t<div class=\"elementor-element elementor-element-79b8700 elementor-grid-3 elementor-grid-tablet-2 elementor-grid-mobile-1 elementor-posts--thumbnail-top elementor-posts__hover-gradient elementor-widget elementor-widget-posts\" data-id=\"79b8700\" data-element_type=\"widget\" data-settings=\"{&quot;cards_masonry&quot;:&quot;yes&quot;,&quot;pagination_type&quot;:&quot;numbers&quot;,&quot;cards_columns&quot;:&quot;3&quot;,&quot;cards_columns_tablet&quot;:&quot;2&quot;,&quot;cards_columns_mobile&quot;:&quot;1&quot;,&quot;cards_row_gap&quot;:{&quot;unit&quot;:&quot;px&quot;,&quot;size&quot;:35,&quot;sizes&quot;:[]},&quot;cards_row_gap_tablet&quot;:{&quot;unit&quot;:&quot;px&quot;,&quot;size&quot;:&quot;&quot;,&quot;sizes&quot;:[]},&quot;cards_row_gap_mobile&quot;:{&quot;unit&quot;:&quot;px&quot;,&quot;size&quot;:&quot;&quot;,&quot;sizes&quot;:[]}}\" data-widget_type=\"posts.cards\">\n\t\t\t\t<div class=\"elementor-widget-container\">\n\t\t\t\t\t\t\t<div class=\"elementor-posts-container elementor-posts elementor-posts--skin-cards elementor-grid\" role=\"list\">\n\t\t\t\t<article class=\"elementor-post elementor-grid-item post-3258 post type-post status-publish format-standard has-post-thumbnail hentry category-idf-company-fr tag-branding-fr tag-corporate-design-fr tag-idf-fr\" role=\"listitem\">\n\t\t\t<div class=\"elementor-post__card\">\n\t\t\t\t<a class=\"elementor-post__thumbnail__link\" href=\"https:\/\/idf-en.de\/fr\/2021\/03\/08\/identite-de-marque-mise-a-jour-idf-repartira-a-neuf-en-2021\/\" tabindex=\"-1\" ><div class=\"elementor-post__thumbnail\"><img fetchpriority=\"high\" decoding=\"async\" width=\"768\" height=\"768\" src=\"https:\/\/idf-en.de\/wp-content\/uploads\/2021\/02\/IDF-logo-768x768.png\" class=\"attachment-medium_large size-medium_large wp-image-1527\" alt=\"IDF Logo Containment Solutions\" srcset=\"https:\/\/idf-en.de\/wp-content\/uploads\/2021\/02\/IDF-logo-768x768.png 768w, https:\/\/idf-en.de\/wp-content\/uploads\/2021\/02\/IDF-logo-300x300.png 300w, https:\/\/idf-en.de\/wp-content\/uploads\/2021\/02\/IDF-logo-1024x1024.png 1024w, https:\/\/idf-en.de\/wp-content\/uploads\/2021\/02\/IDF-logo-150x150.png 150w, https:\/\/idf-en.de\/wp-content\/uploads\/2021\/02\/IDF-logo-1536x1536.png 1536w, https:\/\/idf-en.de\/wp-content\/uploads\/2021\/02\/IDF-logo-2048x2048.png 2048w\" sizes=\"(max-width: 768px) 100vw, 768px\" \/><\/div><\/a>\n\t\t\t\t<div class=\"elementor-post__badge\">IDF Company<\/div>\n\t\t\t\t<div class=\"elementor-post__text\">\n\t\t\t\t<h3 class=\"elementor-post__title\">\n\t\t\t<a href=\"https:\/\/idf-en.de\/fr\/2021\/03\/08\/identite-de-marque-mise-a-jour-idf-repartira-a-neuf-en-2021\/\" >\n\t\t\t\tIdentit\u00e9 de marque mise \u00e0 jour &#8211; IDF repartira \u00e0 neuf en 2021\t\t\t<\/a>\n\t\t<\/h3>\n\t\t\t\t<div class=\"elementor-post__excerpt\">\n\t\t\t<p>IDF, le pionnier de l&rsquo;industrie, est disponible dans un design frais, l\u00e9ger et bleu\u00e2tre maintenant. L&rsquo;accent est mis sur bleu et vert &#8211; les nouvelles<\/p>\n\t\t<\/div>\n\t\t\n\t\t<a class=\"elementor-post__read-more\" href=\"https:\/\/idf-en.de\/fr\/2021\/03\/08\/identite-de-marque-mise-a-jour-idf-repartira-a-neuf-en-2021\/\" aria-label=\"En savoir plus sur Identit\u00e9 de marque mise \u00e0 jour &#8211; IDF repartira \u00e0 neuf en 2021\" tabindex=\"-1\" >\n\t\t\tLire la suite \u00bb\t\t<\/a>\n\n\t\t\t\t<\/div>\n\t\t\t\t<div class=\"elementor-post__meta-data\">\n\t\t\t\t\t<span class=\"elementor-post-date\">\n\t\t\t8. mars 2021\t\t<\/span>\n\t\t\t\t<\/div>\n\t\t\t\t\t<\/div>\n\t\t<\/article>\n\t\t\t\t<article class=\"elementor-post elementor-grid-item post-3254 post type-post status-publish format-standard has-post-thumbnail hentry category-conditionnement tag-conditionnement tag-emballages tag-idf-fr tag-reach-fr\" role=\"listitem\">\n\t\t\t<div class=\"elementor-post__card\">\n\t\t\t\t<a class=\"elementor-post__thumbnail__link\" href=\"https:\/\/idf-en.de\/fr\/2021\/03\/08\/quest-ce-que-cest-le-conditionnement-containment\/\" tabindex=\"-1\" ><div class=\"elementor-post__thumbnail\"><img decoding=\"async\" width=\"768\" height=\"510\" src=\"https:\/\/idf-en.de\/wp-content\/uploads\/2021\/02\/Folie-768x510.jpg\" class=\"attachment-medium_large size-medium_large wp-image-1533\" alt=\"Containment Conditionnement Reach\" srcset=\"https:\/\/idf-en.de\/wp-content\/uploads\/2021\/02\/Folie-768x510.jpg 768w, https:\/\/idf-en.de\/wp-content\/uploads\/2021\/02\/Folie-300x199.jpg 300w, https:\/\/idf-en.de\/wp-content\/uploads\/2021\/02\/Folie-1024x680.jpg 1024w, https:\/\/idf-en.de\/wp-content\/uploads\/2021\/02\/Folie-1536x1020.jpg 1536w, https:\/\/idf-en.de\/wp-content\/uploads\/2021\/02\/Folie.jpg 1920w\" sizes=\"(max-width: 768px) 100vw, 768px\" \/><\/div><\/a>\n\t\t\t\t<div class=\"elementor-post__badge\">Conditionnement<\/div>\n\t\t\t\t<div class=\"elementor-post__text\">\n\t\t\t\t<h3 class=\"elementor-post__title\">\n\t\t\t<a href=\"https:\/\/idf-en.de\/fr\/2021\/03\/08\/quest-ce-que-cest-le-conditionnement-containment\/\" >\n\t\t\t\tQu&rsquo;est-ce que c&rsquo;est, le conditionnement  (Containment)?\t\t\t<\/a>\n\t\t<\/h3>\n\t\t\t\t<div class=\"elementor-post__excerpt\">\n\t\t\t<p>Containment vient de l&rsquo;anglais et signifie \u00ab\u00a0conditionnement\u00a0\u00bb. Dans le contexte des industries chimique, pharmaceutique et alimentaire, le terme de conditionnement est utilis\u00e9 pour d\u00e9crire le<\/p>\n\t\t<\/div>\n\t\t\n\t\t<a class=\"elementor-post__read-more\" href=\"https:\/\/idf-en.de\/fr\/2021\/03\/08\/quest-ce-que-cest-le-conditionnement-containment\/\" aria-label=\"En savoir plus sur Qu&rsquo;est-ce que c&rsquo;est, le conditionnement  (Containment)?\" tabindex=\"-1\" >\n\t\t\tLire la suite \u00bb\t\t<\/a>\n\n\t\t\t\t<\/div>\n\t\t\t\t<div class=\"elementor-post__meta-data\">\n\t\t\t\t\t<span class=\"elementor-post-date\">\n\t\t\t8. mars 2021\t\t<\/span>\n\t\t\t\t<\/div>\n\t\t\t\t\t<\/div>\n\t\t<\/article>\n\t\t\t\t<\/div>\n\t\t\n\t\t\t\t\t\t<\/div>\n\t\t\t\t<\/div>\n\t\t\t\t\t<\/div>\n\t\t<\/div>\n\t\t\t\t\t<\/div>\n\t\t<\/section>\n\t\t\t\t<\/div>\n\t\t","protected":false},"excerpt":{"rendered":"<p>Actualit\u00e9. Actif en permanence pour vous. Rester toujours \u00e0 la page ! Avec nos entr\u00e9es de blog, nous vous fournissons toujours les derni\u00e8res informations sur la IDF, le conditionnement et des sujets int\u00e9ressants sur les proc\u00e9d\u00e9s et les \u00e9quipements de remplissage. Restez toujours \u00e0 la page.<\/p>\n","protected":false},"author":1,"featured_media":0,"parent":2561,"menu_order":0,"comment_status":"closed","ping_status":"closed","template":"","meta":{"site-sidebar-layout":"no-sidebar","site-content-layout":"page-builder","ast-global-header-display":"","ast-main-header-display":"","ast-hfb-above-header-display":"","ast-hfb-below-header-display":"","ast-hfb-mobile-header-display":"","site-post-title":"disabled","ast-breadcrumbs-content":"","ast-featured-img":"disabled","footer-sml-layout":"","theme-transparent-header-meta":"default","adv-header-id-meta":"","stick-header-meta":"","header-above-stick-meta":"","header-main-stick-meta":"","header-below-stick-meta":"","footnotes":""},"class_list":["post-2528","page","type-page","status-publish","hentry"],"_links":{"self":[{"href":"https:\/\/idf-en.de\/fr\/wp-json\/wp\/v2\/pages\/2528","targetHints":{"allow":["GET"]}}],"collection":[{"href":"https:\/\/idf-en.de\/fr\/wp-json\/wp\/v2\/pages"}],"about":[{"href":"https:\/\/idf-en.de\/fr\/wp-json\/wp\/v2\/types\/page"}],"author":[{"embeddable":true,"href":"https:\/\/idf-en.de\/fr\/wp-json\/wp\/v2\/users\/1"}],"replies":[{"embeddable":true,"href":"https:\/\/idf-en.de\/fr\/wp-json\/wp\/v2\/comments?post=2528"}],"version-history":[{"count":6,"href":"https:\/\/idf-en.de\/fr\/wp-json\/wp\/v2\/pages\/2528\/revisions"}],"predecessor-version":[{"id":3280,"href":"https:\/\/idf-en.de\/fr\/wp-json\/wp\/v2\/pages\/2528\/revisions\/3280"}],"up":[{"embeddable":true,"href":"https:\/\/idf-en.de\/fr\/wp-json\/wp\/v2\/pages\/2561"}],"wp:attachment":[{"href":"https:\/\/idf-en.de\/fr\/wp-json\/wp\/v2\/media?parent=2528"}],"curies":[{"name":"wp","href":"https:\/\/api.w.org\/{rel}","templated":true}]}}