{"id":4614,"date":"2021-03-31T09:35:34","date_gmt":"2021-03-31T07:35:34","guid":{"rendered":"https:\/\/idf-en.de\/produits-techniques\/cip\/zsr\/"},"modified":"2021-03-31T09:35:35","modified_gmt":"2021-03-31T07:35:35","slug":"zsr","status":"publish","type":"page","link":"https:\/\/idf-en.de\/fr\/produits-techniques\/cip\/zsr\/","title":{"rendered":"ZSR"},"content":{"rendered":"\t\t<div data-elementor-type=\"wp-page\" data-elementor-id=\"4614\" class=\"elementor elementor-4614 elementor-4539\" data-elementor-post-type=\"page\">\n\t\t\t\t\t\t<section class=\"elementor-section elementor-top-section elementor-element elementor-element-39523d8 elementor-section-boxed elementor-section-height-default elementor-section-height-default\" data-id=\"39523d8\" data-element_type=\"section\">\n\t\t\t\t\t\t<div class=\"elementor-container elementor-column-gap-default\">\n\t\t\t\t\t<div class=\"elementor-column elementor-col-100 elementor-top-column elementor-element elementor-element-a603a4a\" data-id=\"a603a4a\" data-element_type=\"column\">\n\t\t\t<div class=\"elementor-widget-wrap elementor-element-populated\">\n\t\t\t\t\t\t<div class=\"elementor-element elementor-element-ba44f04 elementor-widget elementor-widget-spacer\" data-id=\"ba44f04\" data-element_type=\"widget\" data-widget_type=\"spacer.default\">\n\t\t\t\t<div class=\"elementor-widget-container\">\n\t\t\t\t\t\t\t<div class=\"elementor-spacer\">\n\t\t\t<div class=\"elementor-spacer-inner\"><\/div>\n\t\t<\/div>\n\t\t\t\t\t\t<\/div>\n\t\t\t\t<\/div>\n\t\t\t\t<div class=\"elementor-element elementor-element-3eafea4 elementor-widget elementor-widget-heading\" data-id=\"3eafea4\" data-element_type=\"widget\" data-widget_type=\"heading.default\">\n\t\t\t\t<div class=\"elementor-widget-container\">\n\t\t\t\t\t<h1 class=\"elementor-heading-title elementor-size-default\">Nettoyeur \u00e0 jet de cible (ZSR)<\/h1>\t\t\t\t<\/div>\n\t\t\t\t<\/div>\n\t\t\t\t<div class=\"elementor-element elementor-element-86eeae0 elementor-widget elementor-widget-heading\" data-id=\"86eeae0\" data-element_type=\"widget\" data-widget_type=\"heading.default\">\n\t\t\t\t<div class=\"elementor-widget-container\">\n\t\t\t\t\t<h2 class=\"elementor-heading-title elementor-size-default\">Nettoyage \u00e0 haute efficacit\u00e9 - made in Germany.<\/h2>\t\t\t\t<\/div>\n\t\t\t\t<\/div>\n\t\t\t\t<div class=\"elementor-element elementor-element-0ca41b6 elementor-widget elementor-widget-text-editor\" data-id=\"0ca41b6\" data-element_type=\"widget\" data-widget_type=\"text-editor.default\">\n\t\t\t\t<div class=\"elementor-widget-container\">\n\t\t\t\t\t\t\t\t\t<p> En particulier en ce qui concerne les processus de nettoyage validables qui doivent \u00eatre reproductibles \u00e0 tout moment, les dispositifs de nettoyage motoris\u00e9s offrent de grands avantages. Comme ils sont g\u00e9n\u00e9ralement entra\u00een\u00e9s de l\u2019ext\u00e9rieur, le mouvement de rotation peut ainsi \u00eatre surveill\u00e9. Les nettoyeurs \u00e0 jet cibl\u00e9 sont souvent utilis\u00e9s pour le nettoyage intensif des r\u00e9servoirs, des conteneurs et d\u2019autres composants de syst\u00e8mes ferm\u00e9s. Fonctionnant dans une plage de pression de 3 \u00e0 50 bar, et dans des cas particuliers jusqu\u2019\u00e0 70 bar, ces dispositifs sont actionn\u00e9s soit par un moteur \u00e9lectrique ou pneumatique externe, soit par le produit de nettoyage lui-m\u00eame. <\/p>\n<p><span style=\"color: var( --e-global-color-text ); font-family: var( --e-global-typography-text-font-family ), Sans-serif; font-style: inherit; font-weight: inherit;\"> Tous les nettoyeurs \u00e0 jet (ZSR) sont disponibles en versions 2,3 et 4 jets et permettent un nettoyage complet \u00e0 360 \u00b0. <\/span><\/p>\n<p>Nous sommes heureux de vous conseiller et sommes <a href=\"https:\/\/idf-en.de\/fr\/contact\/\"><strong>impatients de vous entendre.<\/strong><\/a><\/p>\n\t\t\t\t\t\t\t\t<\/div>\n\t\t\t\t<\/div>\n\t\t\t\t\t<\/div>\n\t\t<\/div>\n\t\t\t\t\t<\/div>\n\t\t<\/section>\n\t\t\t\t<section class=\"elementor-section elementor-top-section elementor-element elementor-element-900566b elementor-section-boxed elementor-section-height-default elementor-section-height-default\" data-id=\"900566b\" data-element_type=\"section\" data-settings=\"{&quot;background_background&quot;:&quot;classic&quot;}\">\n\t\t\t\t\t\t<div class=\"elementor-container elementor-column-gap-default\">\n\t\t\t\t\t<div class=\"elementor-column elementor-col-100 elementor-top-column elementor-element elementor-element-5df0721\" data-id=\"5df0721\" data-element_type=\"column\">\n\t\t\t<div class=\"elementor-widget-wrap elementor-element-populated\">\n\t\t\t\t\t\t<div class=\"elementor-element elementor-element-ba6088e elementor-widget elementor-widget-menu-anchor\" data-id=\"ba6088e\" data-element_type=\"widget\" data-widget_type=\"menu-anchor.default\">\n\t\t\t\t<div class=\"elementor-widget-container\">\n\t\t\t\t\t\t\t<div class=\"elementor-menu-anchor\" id=\"rcb1\"><\/div>\n\t\t\t\t\t\t<\/div>\n\t\t\t\t<\/div>\n\t\t\t\t<div class=\"elementor-element elementor-element-fba60e3 elementor-widget elementor-widget-heading\" data-id=\"fba60e3\" data-element_type=\"widget\" data-widget_type=\"heading.default\">\n\t\t\t\t<div class=\"elementor-widget-container\">\n\t\t\t\t\t<h2 class=\"elementor-heading-title elementor-size-default\">ZSR<\/h2>\t\t\t\t<\/div>\n\t\t\t\t<\/div>\n\t\t\t\t<section class=\"elementor-section elementor-inner-section elementor-element elementor-element-3ac598f elementor-section-boxed elementor-section-height-default elementor-section-height-default\" data-id=\"3ac598f\" data-element_type=\"section\">\n\t\t\t\t\t\t<div class=\"elementor-container elementor-column-gap-default\">\n\t\t\t\t\t<div class=\"elementor-column elementor-col-33 elementor-inner-column elementor-element elementor-element-be9ca0f\" data-id=\"be9ca0f\" data-element_type=\"column\">\n\t\t\t<div class=\"elementor-widget-wrap elementor-element-populated\">\n\t\t\t\t\t\t<div class=\"elementor-element elementor-element-eb9a84d elementor-widget elementor-widget-image\" data-id=\"eb9a84d\" data-element_type=\"widget\" data-widget_type=\"image.default\">\n\t\t\t\t<div class=\"elementor-widget-container\">\n\t\t\t\t\t\t\t\t\t\t\t\t\t\t\t<img decoding=\"async\" width=\"158\" height=\"106\" src=\"https:\/\/idf-en.de\/wp-content\/uploads\/2021\/02\/uebersichtzielstrahlreiniger_158.jpg\" class=\"attachment-full size-full wp-image-1627\" alt=\"Zielstrahlreiniger ZSR IDF CIP Cleaning in Place Reinigung\" \/>\t\t\t\t\t\t\t\t\t\t\t\t\t\t\t<\/div>\n\t\t\t\t<\/div>\n\t\t\t\t\t<\/div>\n\t\t<\/div>\n\t\t\t\t<div class=\"elementor-column elementor-col-33 elementor-inner-column elementor-element elementor-element-4af8d03\" data-id=\"4af8d03\" data-element_type=\"column\">\n\t\t\t<div class=\"elementor-widget-wrap elementor-element-populated\">\n\t\t\t\t\t\t<div class=\"elementor-element elementor-element-c2346ec elementor-widget elementor-widget-text-editor\" data-id=\"c2346ec\" data-element_type=\"widget\" data-widget_type=\"text-editor.default\">\n\t\t\t\t<div class=\"elementor-widget-container\">\n\t\t\t\t\t\t\t\t\t<h4><strong>Taille du conteneur:\u00a0<\/strong><\/h4>\n<p>selon les moyens de nettoyage et le produit \u00e0 nettoyer, jusqu&rsquo;\u00e0 25, 500 ou 1000 m\u00b3<\/p>\n<h4><strong>la pression d&rsquo;usinage et la temp\u00e9rature de fonctionnement<\/strong><\/h4>\n<p>Pression d&rsquo;usinage: 1-60 bar, plus haut sur demande<br \/>Temp\u00e9rature de fonctionnement: 0-110\u00b0C, plus haut sur demande<\/p>\n<h4>Connexions<\/h4>\n<p>RD52 x 1\/6 ;<br \/>Optionnel: Raccord \u00e0 bride selon les sp\u00e9cifications du client<\/p>\n\t\t\t\t\t\t\t\t<\/div>\n\t\t\t\t<\/div>\n\t\t\t\t\t<\/div>\n\t\t<\/div>\n\t\t\t\t<div class=\"elementor-column elementor-col-33 elementor-inner-column elementor-element elementor-element-75420e3\" data-id=\"75420e3\" data-element_type=\"column\">\n\t\t\t<div class=\"elementor-widget-wrap elementor-element-populated\">\n\t\t\t\t\t\t<div class=\"elementor-element elementor-element-3e45772 elementor-widget elementor-widget-text-editor\" data-id=\"3e45772\" data-element_type=\"widget\" data-widget_type=\"text-editor.default\">\n\t\t\t\t<div class=\"elementor-widget-container\">\n\t\t\t\t\t\t\t\t\t<h4><strong>Ouverture d&rsquo;installation:\u00a0<\/strong><\/h4>\n<p>DN25 pour installation fixe<br \/>DN 60 pour installation mobile<\/p>\n<h4><span style=\"font-style: inherit; font-weight: inherit; color: var( --e-global-color-text ); font-family: var( --e-global-typography-accent-font-family ), Sans-serif; background-color: var( --e-global-color-accent );\">Longueurs d&rsquo;installation:<\/span><\/h4>\n<p><span style=\"color: var( --e-global-color-text ); font-style: inherit; background-color: var( --e-global-color-accent );\">150-100m, longer on request<\/span><\/p>\n<p><span style=\"color: var( --e-global-color-text ); font-style: inherit; background-color: var( --e-global-color-accent );\">Tuyau d&rsquo;alimentation en option de conception modulaire pour un r\u00e9glage facile de la longueur, conception polie<\/span><\/p>\n\t\t\t\t\t\t\t\t<\/div>\n\t\t\t\t<\/div>\n\t\t\t\t\t<\/div>\n\t\t<\/div>\n\t\t\t\t\t<\/div>\n\t\t<\/section>\n\t\t\t\t\t<\/div>\n\t\t<\/div>\n\t\t\t\t\t<\/div>\n\t\t<\/section>\n\t\t\t\t<section class=\"elementor-section elementor-top-section elementor-element elementor-element-cc07877 elementor-section-boxed elementor-section-height-default elementor-section-height-default\" data-id=\"cc07877\" data-element_type=\"section\">\n\t\t\t\t\t\t<div class=\"elementor-container elementor-column-gap-default\">\n\t\t\t\t\t<div class=\"elementor-column elementor-col-100 elementor-top-column elementor-element elementor-element-02b0288\" data-id=\"02b0288\" data-element_type=\"column\">\n\t\t\t<div class=\"elementor-widget-wrap elementor-element-populated\">\n\t\t\t\t\t\t<div class=\"elementor-element elementor-element-ed4e284 elementor-widget elementor-widget-spacer\" data-id=\"ed4e284\" data-element_type=\"widget\" data-widget_type=\"spacer.default\">\n\t\t\t\t<div class=\"elementor-widget-container\">\n\t\t\t\t\t\t\t<div class=\"elementor-spacer\">\n\t\t\t<div class=\"elementor-spacer-inner\"><\/div>\n\t\t<\/div>\n\t\t\t\t\t\t<\/div>\n\t\t\t\t<\/div>\n\t\t\t\t<div class=\"elementor-element elementor-element-bee8d2a elementor-widget elementor-widget-heading\" data-id=\"bee8d2a\" data-element_type=\"widget\" data-widget_type=\"heading.default\">\n\t\t\t\t<div class=\"elementor-widget-container\">\n\t\t\t\t\t<h2 class=\"elementor-heading-title elementor-size-default\">Consultation<\/h2>\t\t\t\t<\/div>\n\t\t\t\t<\/div>\n\t\t\t\t<div class=\"elementor-element elementor-element-7156ca4 elementor-widget elementor-widget-heading\" data-id=\"7156ca4\" data-element_type=\"widget\" data-widget_type=\"heading.default\">\n\t\t\t\t<div class=\"elementor-widget-container\">\n\t\t\t\t\t<h2 class=\"elementor-heading-title elementor-size-default\">Profitez de notre savoir-faire dans le cadre d'une consultation personnelle.<\/h2>\t\t\t\t<\/div>\n\t\t\t\t<\/div>\n\t\t\t\t<div class=\"elementor-element elementor-element-a3ace58 elementor-align-center elementor-widget elementor-widget-button\" data-id=\"a3ace58\" data-element_type=\"widget\" data-widget_type=\"button.default\">\n\t\t\t\t<div class=\"elementor-widget-container\">\n\t\t\t\t\t\t\t\t\t<div class=\"elementor-button-wrapper\">\n\t\t\t\t\t<a class=\"elementor-button elementor-button-link elementor-size-sm\" href=\"https:\/\/idf-en.de\/fr\/contact\/\">\n\t\t\t\t\t\t<span class=\"elementor-button-content-wrapper\">\n\t\t\t\t\t\t\t\t\t<span class=\"elementor-button-text\">Contact sans engagement<\/span>\n\t\t\t\t\t<\/span>\n\t\t\t\t\t<\/a>\n\t\t\t\t<\/div>\n\t\t\t\t\t\t\t\t<\/div>\n\t\t\t\t<\/div>\n\t\t\t\t<div class=\"elementor-element elementor-element-b29ebc0 elementor-widget elementor-widget-spacer\" data-id=\"b29ebc0\" data-element_type=\"widget\" data-widget_type=\"spacer.default\">\n\t\t\t\t<div class=\"elementor-widget-container\">\n\t\t\t\t\t\t\t<div class=\"elementor-spacer\">\n\t\t\t<div class=\"elementor-spacer-inner\"><\/div>\n\t\t<\/div>\n\t\t\t\t\t\t<\/div>\n\t\t\t\t<\/div>\n\t\t\t\t\t<\/div>\n\t\t<\/div>\n\t\t\t\t\t<\/div>\n\t\t<\/section>\n\t\t\t\t<section class=\"elementor-section elementor-top-section elementor-element elementor-element-3e3f06a elementor-section-boxed elementor-section-height-default elementor-section-height-default\" data-id=\"3e3f06a\" data-element_type=\"section\">\n\t\t\t\t\t\t<div class=\"elementor-container elementor-column-gap-default\">\n\t\t\t\t\t<div class=\"elementor-column elementor-col-100 elementor-top-column elementor-element elementor-element-477e0b5\" data-id=\"477e0b5\" data-element_type=\"column\">\n\t\t\t<div class=\"elementor-widget-wrap elementor-element-populated\">\n\t\t\t\t\t\t<div class=\"elementor-element elementor-element-b7bc3d7 elementor-nav-menu__align-center elementor-nav-menu--dropdown-mobile elementor-widget__width-initial elementor-fixed elementor-hidden-tablet elementor-hidden-phone elementor-nav-menu__text-align-aside elementor-nav-menu--toggle elementor-nav-menu--burger elementor-widget elementor-widget-nav-menu\" data-id=\"b7bc3d7\" data-element_type=\"widget\" data-settings=\"{&quot;layout&quot;:&quot;vertical&quot;,&quot;_position&quot;:&quot;fixed&quot;,&quot;submenu_icon&quot;:{&quot;value&quot;:&quot;&lt;i class=\\&quot;fas e-plus-icon\\&quot; aria-hidden=\\&quot;true\\&quot;&gt;&lt;\\\/i&gt;&quot;,&quot;library&quot;:&quot;&quot;},&quot;toggle&quot;:&quot;burger&quot;}\" data-widget_type=\"nav-menu.default\">\n\t\t\t\t<div class=\"elementor-widget-container\">\n\t\t\t\t\t\t\t\t<nav aria-label=\"Menu\" class=\"elementor-nav-menu--main elementor-nav-menu__container elementor-nav-menu--layout-vertical e--pointer-background e--animation-none\">\n\t\t\t\t<ul id=\"menu-1-b7bc3d7\" class=\"elementor-nav-menu sm-vertical\"><li class=\"menu-item menu-item-type-post_type menu-item-object-page menu-item-4620\"><a href=\"https:\/\/idf-en.de\/fr\/produits-techniques\/cip\/\" class=\"elementor-item menu-link\">Nettoyage \u2013 CIP<\/a><\/li>\n<li class=\"menu-item menu-item-type-custom menu-item-object-custom menu-item-4622\"><a href=\"\/en\/products\/clean-in-place\/rcb\/\" class=\"elementor-item menu-link\">Groupe RCB [EN]<\/a><\/li>\n<li class=\"menu-item menu-item-type-custom menu-item-object-custom menu-item-4623\"><a href=\"https:\/\/idf-en.de\/en\/products\/clean-in-place\/rct-b\/\" class=\"elementor-item menu-link\">Groupe RCT\/B [EN]<\/a><\/li>\n<li class=\"menu-item menu-item-type-post_type menu-item-object-page menu-item-4621\"><a href=\"https:\/\/idf-en.de\/fr\/produits-techniques\/cip\/zsr\/\" class=\"elementor-item menu-link\">Groupe ZSR<\/a><\/li>\n<\/ul>\t\t\t<\/nav>\n\t\t\t\t\t<div class=\"elementor-menu-toggle\" role=\"button\" tabindex=\"0\" aria-label=\"Permuter le menu\" aria-expanded=\"false\">\n\t\t\t<i aria-hidden=\"true\" role=\"presentation\" class=\"elementor-menu-toggle__icon--open eicon-menu-bar\"><\/i><i aria-hidden=\"true\" role=\"presentation\" class=\"elementor-menu-toggle__icon--close eicon-close\"><\/i>\t\t<\/div>\n\t\t\t\t\t<nav class=\"elementor-nav-menu--dropdown elementor-nav-menu__container\" aria-hidden=\"true\">\n\t\t\t\t<ul id=\"menu-2-b7bc3d7\" class=\"elementor-nav-menu sm-vertical\"><li class=\"menu-item menu-item-type-post_type menu-item-object-page menu-item-4620\"><a href=\"https:\/\/idf-en.de\/fr\/produits-techniques\/cip\/\" class=\"elementor-item menu-link\" tabindex=\"-1\">Nettoyage \u2013 CIP<\/a><\/li>\n<li class=\"menu-item menu-item-type-custom menu-item-object-custom menu-item-4622\"><a href=\"\/en\/products\/clean-in-place\/rcb\/\" class=\"elementor-item menu-link\" tabindex=\"-1\">Groupe RCB [EN]<\/a><\/li>\n<li class=\"menu-item menu-item-type-custom menu-item-object-custom menu-item-4623\"><a href=\"https:\/\/idf-en.de\/en\/products\/clean-in-place\/rct-b\/\" class=\"elementor-item menu-link\" tabindex=\"-1\">Groupe RCT\/B [EN]<\/a><\/li>\n<li class=\"menu-item menu-item-type-post_type menu-item-object-page menu-item-4621\"><a href=\"https:\/\/idf-en.de\/fr\/produits-techniques\/cip\/zsr\/\" class=\"elementor-item menu-link\" tabindex=\"-1\">Groupe ZSR<\/a><\/li>\n<\/ul>\t\t\t<\/nav>\n\t\t\t\t\t\t<\/div>\n\t\t\t\t<\/div>\n\t\t\t\t\t<\/div>\n\t\t<\/div>\n\t\t\t\t\t<\/div>\n\t\t<\/section>\n\t\t\t\t<\/div>\n\t\t","protected":false},"excerpt":{"rendered":"<p>Nettoyeur \u00e0 jet de cible (ZSR) Nettoyage \u00e0 haute efficacit\u00e9 &#8211; made in Germany. En particulier en ce qui concerne les processus de nettoyage validables qui doivent \u00eatre reproductibles \u00e0 tout moment, les dispositifs de nettoyage motoris\u00e9s offrent de grands avantages. Comme ils sont g\u00e9n\u00e9ralement entra\u00een\u00e9s de l\u2019ext\u00e9rieur, le mouvement de rotation peut ainsi \u00eatre &hellip;<\/p>\n<p class=\"read-more\"> <a class=\"\" href=\"https:\/\/idf-en.de\/fr\/produits-techniques\/cip\/zsr\/\"> <span class=\"screen-reader-text\">ZSR<\/span> Lire la suite\u00a0\u00bb<\/a><\/p>\n","protected":false},"author":1,"featured_media":0,"parent":2799,"menu_order":0,"comment_status":"closed","ping_status":"closed","template":"","meta":{"site-sidebar-layout":"no-sidebar","site-content-layout":"page-builder","ast-global-header-display":"","ast-main-header-display":"","ast-hfb-above-header-display":"","ast-hfb-below-header-display":"","ast-hfb-mobile-header-display":"","site-post-title":"disabled","ast-breadcrumbs-content":"","ast-featured-img":"disabled","footer-sml-layout":"","theme-transparent-header-meta":"default","adv-header-id-meta":"","stick-header-meta":"","header-above-stick-meta":"","header-main-stick-meta":"","header-below-stick-meta":"","footnotes":""},"class_list":["post-4614","page","type-page","status-publish","hentry"],"_links":{"self":[{"href":"https:\/\/idf-en.de\/fr\/wp-json\/wp\/v2\/pages\/4614","targetHints":{"allow":["GET"]}}],"collection":[{"href":"https:\/\/idf-en.de\/fr\/wp-json\/wp\/v2\/pages"}],"about":[{"href":"https:\/\/idf-en.de\/fr\/wp-json\/wp\/v2\/types\/page"}],"author":[{"embeddable":true,"href":"https:\/\/idf-en.de\/fr\/wp-json\/wp\/v2\/users\/1"}],"replies":[{"embeddable":true,"href":"https:\/\/idf-en.de\/fr\/wp-json\/wp\/v2\/comments?post=4614"}],"version-history":[{"count":1,"href":"https:\/\/idf-en.de\/fr\/wp-json\/wp\/v2\/pages\/4614\/revisions"}],"predecessor-version":[{"id":4615,"href":"https:\/\/idf-en.de\/fr\/wp-json\/wp\/v2\/pages\/4614\/revisions\/4615"}],"up":[{"embeddable":true,"href":"https:\/\/idf-en.de\/fr\/wp-json\/wp\/v2\/pages\/2799"}],"wp:attachment":[{"href":"https:\/\/idf-en.de\/fr\/wp-json\/wp\/v2\/media?parent=4614"}],"curies":[{"name":"wp","href":"https:\/\/api.w.org\/{rel}","templated":true}]}}